{"id":503,"date":"2020-03-24T16:29:51","date_gmt":"2020-03-24T16:29:51","guid":{"rendered":"https:\/\/siug.kujundaja.eu\/?page_id=503"},"modified":"2022-10-03T06:22:11","modified_gmt":"2022-10-03T06:22:11","slug":"miks-ja-kuidas","status":"publish","type":"page","link":"https:\/\/siug.kujundaja.eu\/?page_id=503","title":{"rendered":"Miks ja kuidas"},"content":{"rendered":"\t\t<div data-elementor-type=\"wp-page\" data-elementor-id=\"503\" class=\"elementor elementor-503\" data-elementor-settings=\"[]\">\n\t\t\t<div class=\"elementor-inner\">\n\t\t\t\t<div class=\"elementor-section-wrap\">\n\t\t\t\t\t\t\t<section class=\"elementor-element elementor-element-4197699 elementor-section-boxed elementor-section-height-default elementor-section-height-default elementor-section elementor-top-section\" data-id=\"4197699\" data-element_type=\"section\">\n\t\t\t\t\t\t<div class=\"elementor-container elementor-column-gap-default\">\n\t\t\t\t<div class=\"elementor-row\">\n\t\t\t\t<div class=\"elementor-element elementor-element-2db6988 elementor-column elementor-col-50 elementor-top-column\" data-id=\"2db6988\" data-element_type=\"column\">\n\t\t\t<div class=\"elementor-column-wrap  elementor-element-populated\">\n\t\t\t\t\t<div class=\"elementor-widget-wrap\">\n\t\t\t\t<div class=\"elementor-element elementor-element-0e43c98 elementor-widget elementor-widget-image\" data-id=\"0e43c98\" data-element_type=\"widget\" data-widget_type=\"image.default\">\n\t\t\t\t<div class=\"elementor-widget-container\">\n\t\t\t\t\t<div class=\"elementor-image\">\n\t\t\t\t\t\t\t\t\t\t<img loading=\"lazy\" decoding=\"async\" width=\"300\" height=\"300\" src=\"https:\/\/siug.kujundaja.eu\/wp-content\/uploads\/2020\/03\/linnupesa_kassiga-300x300.jpg\" class=\"attachment-medium size-medium\" alt=\"\" srcset=\"https:\/\/siug.kujundaja.eu\/wp-content\/uploads\/2020\/03\/linnupesa_kassiga-300x300.jpg 300w, https:\/\/siug.kujundaja.eu\/wp-content\/uploads\/2020\/03\/linnupesa_kassiga-1024x1024.jpg 1024w, https:\/\/siug.kujundaja.eu\/wp-content\/uploads\/2020\/03\/linnupesa_kassiga-150x150.jpg 150w, https:\/\/siug.kujundaja.eu\/wp-content\/uploads\/2020\/03\/linnupesa_kassiga-768x768.jpg 768w, https:\/\/siug.kujundaja.eu\/wp-content\/uploads\/2020\/03\/linnupesa_kassiga.jpg 1300w\" sizes=\"auto, (max-width: 300px) 100vw, 300px\" \/>\t\t\t\t\t\t\t\t\t\t\t<\/div>\n\t\t\t\t<\/div>\n\t\t\t\t<\/div>\n\t\t\t\t\t\t<\/div>\n\t\t\t<\/div>\n\t\t<\/div>\n\t\t\t\t<div class=\"elementor-element elementor-element-0683ead elementor-column elementor-col-50 elementor-top-column\" data-id=\"0683ead\" data-element_type=\"column\">\n\t\t\t<div class=\"elementor-column-wrap  elementor-element-populated\">\n\t\t\t\t\t<div class=\"elementor-widget-wrap\">\n\t\t\t\t<div class=\"elementor-element elementor-element-ef08b23 elementor-widget elementor-widget-text-editor\" data-id=\"ef08b23\" data-element_type=\"widget\" data-widget_type=\"text-editor.default\">\n\t\t\t\t<div class=\"elementor-widget-container\">\n\t\t\t\t\t<div class=\"elementor-text-editor elementor-clearfix\"><p><span style=\"color: #999999;\">MIKS<\/span><\/p><p style=\"text-align: left;\"><span style=\"color: #999999;\">Aianduskooli m\u00e4rtsikuise sessi k\u00f5rgpunktiks pidanuks olema pungade tundmise arvestus. Kartuses, et varajane kevad puudel-p\u00f5\u00f5sastel selleks ajaks juba hiirek\u00f5rvad v\u00e4lja meelitab, sai aegsasti tubli varesepesa jagu oksi kogutud ja k\u00fclmkappi hoiule pandud. Seda, et koolit\u00f6\u00f6le t\u00f5mbab mingiks ajaks kriipsu peale koroonaviirus, ei osanud k\u00fcll keegi ette aimata.<\/span><br \/><span style=\"color: #999999;\">N\u00fc\u00fcd, mil nii telekas, raadios kui internetis tungivalt keelitatakse k\u00f5iki m\u00f5nda aega kodus p\u00fcsima, tekkis vajadus k\u00fclmikusse ruumi juurde teha, et mitte iga porgandi ja kartuli p\u00e4rast kohe poodi joosta.<\/span><br \/><span style=\"color: #999999;\">Kahju hakkas v\u00e4\u00e4rt \u00f5ppematerjali lihtsalt kompostihunnikusse viia, et j\u00e4rgmisel kevadel j\u00e4lle otsast alata \u2013 sestap saigi see kevadtalvel 2020 j\u00e4\u00e4dvustatud.<\/span><\/p><\/div>\n\t\t\t\t<\/div>\n\t\t\t\t<\/div>\n\t\t\t\t\t\t<\/div>\n\t\t\t<\/div>\n\t\t<\/div>\n\t\t\t\t\t\t<\/div>\n\t\t\t<\/div>\n\t\t<\/section>\n\t\t\t\t<section class=\"elementor-element elementor-element-a1b69a5 elementor-section-boxed elementor-section-height-default elementor-section-height-default elementor-section elementor-top-section\" data-id=\"a1b69a5\" data-element_type=\"section\">\n\t\t\t\t\t\t<div class=\"elementor-container elementor-column-gap-default\">\n\t\t\t\t<div class=\"elementor-row\">\n\t\t\t\t<div class=\"elementor-element elementor-element-d6cc129 elementor-column elementor-col-50 elementor-top-column\" data-id=\"d6cc129\" data-element_type=\"column\">\n\t\t\t<div class=\"elementor-column-wrap  elementor-element-populated\">\n\t\t\t\t\t<div class=\"elementor-widget-wrap\">\n\t\t\t\t<div class=\"elementor-element elementor-element-61eecc2 elementor-widget elementor-widget-image\" data-id=\"61eecc2\" data-element_type=\"widget\" data-widget_type=\"image.default\">\n\t\t\t\t<div class=\"elementor-widget-container\">\n\t\t\t\t\t<div class=\"elementor-image\">\n\t\t\t\t\t\t\t\t\t\t<img loading=\"lazy\" decoding=\"async\" width=\"300\" height=\"300\" src=\"https:\/\/siug.kujundaja.eu\/wp-content\/uploads\/2020\/03\/leica-300x300.jpg\" class=\"attachment-medium size-medium\" alt=\"\" srcset=\"https:\/\/siug.kujundaja.eu\/wp-content\/uploads\/2020\/03\/leica-300x300.jpg 300w, https:\/\/siug.kujundaja.eu\/wp-content\/uploads\/2020\/03\/leica-1024x1024.jpg 1024w, https:\/\/siug.kujundaja.eu\/wp-content\/uploads\/2020\/03\/leica-150x150.jpg 150w, https:\/\/siug.kujundaja.eu\/wp-content\/uploads\/2020\/03\/leica-768x768.jpg 768w, https:\/\/siug.kujundaja.eu\/wp-content\/uploads\/2020\/03\/leica.jpg 1300w\" sizes=\"auto, (max-width: 300px) 100vw, 300px\" \/>\t\t\t\t\t\t\t\t\t\t\t<\/div>\n\t\t\t\t<\/div>\n\t\t\t\t<\/div>\n\t\t\t\t\t\t<\/div>\n\t\t\t<\/div>\n\t\t<\/div>\n\t\t\t\t<div class=\"elementor-element elementor-element-a8cd2a3 elementor-column elementor-col-50 elementor-top-column\" data-id=\"a8cd2a3\" data-element_type=\"column\">\n\t\t\t<div class=\"elementor-column-wrap  elementor-element-populated\">\n\t\t\t\t\t<div class=\"elementor-widget-wrap\">\n\t\t\t\t<div class=\"elementor-element elementor-element-2eb99dc elementor-widget elementor-widget-text-editor\" data-id=\"2eb99dc\" data-element_type=\"widget\" data-widget_type=\"text-editor.default\">\n\t\t\t\t<div class=\"elementor-widget-container\">\n\t\t\t\t\t<div class=\"elementor-text-editor elementor-clearfix\"><p><span style=\"color: #999999;\">KUIDAS<\/span><\/p><p><span style=\"color: #999999;\">Pungad on kogutud ja pildistatud Tartu parkides, Karlova t\u00e4navatel, Emaj\u00f5e \u00e4\u00e4res ja m\u00f5ned ka Juhani puukoolis. <\/span><br \/><span style=\"color: #999999;\">Kunagi ammu tavatseti \u00f6elda, et linna\u00f5hk teeb vabaks. Ei tea, kas see ka praegu nii on, aga igatahes on linna\u00f5hk uskumatult r\u00e4pane. Paljusid oksajuppe tuli enne p\u00f5hjalikult pesta, et \u00fcldse aru saada, mismoodi \u00fcks puu v\u00f5i p\u00f5\u00f5sas l\u00e4hemalt vaadates tegelikult v\u00e4lja peaks n\u00e4gema (vt nt pooppuu).<\/span><br \/><span style=\"color: #999999;\">K\u00f5ik fotod on tehtud Huawei mobiiltelefoniga, mille Leica optikat on natuke tuunitud vana Smena 8M objektiivi abil.<\/span><br \/><span style=\"color: #999999;\">Avalehe siug p\u00e4rineb Wikimedia Commonsist, originaali autoriks T\u0161ehhi bioloog Zden\u011bk Falt\u00fdnek Fric.<\/span><\/p><\/div>\n\t\t\t\t<\/div>\n\t\t\t\t<\/div>\n\t\t\t\t\t\t<\/div>\n\t\t\t<\/div>\n\t\t<\/div>\n\t\t\t\t\t\t<\/div>\n\t\t\t<\/div>\n\t\t<\/section>\n\t\t\t\t\t\t<\/div>\n\t\t\t<\/div>\n\t\t<\/div>\n\t\t","protected":false},"excerpt":{"rendered":"<p>MIKS Aianduskooli m\u00e4rtsikuise sessi k\u00f5rgpunktiks pidanuks olema pungade tundmise arvestus. Kartuses, et varajane kevad puudel-p\u00f5\u00f5sastel selleks ajaks juba hiirek\u00f5rvad v\u00e4lja meelitab, sai aegsasti tubli varesepesa jagu oksi kogutud ja k\u00fclmkappi hoiule pandud. Seda, et koolit\u00f6\u00f6le t\u00f5mbab mingiks ajaks kriipsu peale koroonaviirus, ei osanud k\u00fcll keegi ette aimata.N\u00fc\u00fcd, mil nii telekas, raadios kui internetis tungivalt keelitatakse &hellip;<\/p>\n<p class=\"read-more\"> <a class=\"\" href=\"https:\/\/siug.kujundaja.eu\/?page_id=503\"> <span class=\"screen-reader-text\">Miks ja kuidas<\/span> Read More &raquo;<\/a><\/p>\n","protected":false},"author":1,"featured_media":0,"parent":0,"menu_order":0,"comment_status":"closed","ping_status":"closed","template":"","meta":{"footnotes":""},"class_list":["post-503","page","type-page","status-publish","hentry"],"_links":{"self":[{"href":"https:\/\/siug.kujundaja.eu\/index.php?rest_route=\/wp\/v2\/pages\/503","targetHints":{"allow":["GET"]}}],"collection":[{"href":"https:\/\/siug.kujundaja.eu\/index.php?rest_route=\/wp\/v2\/pages"}],"about":[{"href":"https:\/\/siug.kujundaja.eu\/index.php?rest_route=\/wp\/v2\/types\/page"}],"author":[{"embeddable":true,"href":"https:\/\/siug.kujundaja.eu\/index.php?rest_route=\/wp\/v2\/users\/1"}],"replies":[{"embeddable":true,"href":"https:\/\/siug.kujundaja.eu\/index.php?rest_route=%2Fwp%2Fv2%2Fcomments&post=503"}],"version-history":[{"count":6,"href":"https:\/\/siug.kujundaja.eu\/index.php?rest_route=\/wp\/v2\/pages\/503\/revisions"}],"predecessor-version":[{"id":523,"href":"https:\/\/siug.kujundaja.eu\/index.php?rest_route=\/wp\/v2\/pages\/503\/revisions\/523"}],"wp:attachment":[{"href":"https:\/\/siug.kujundaja.eu\/index.php?rest_route=%2Fwp%2Fv2%2Fmedia&parent=503"}],"curies":[{"name":"wp","href":"https:\/\/api.w.org\/{rel}","templated":true}]}}